{"id":586,"date":"2025-10-25T16:06:52","date_gmt":"2025-10-25T16:06:52","guid":{"rendered":"https:\/\/ha.hayaatclinic.com\/?page_id=586"},"modified":"2025-10-25T16:15:09","modified_gmt":"2025-10-25T16:15:09","slug":"fue-hair-transplant","status":"publish","type":"page","link":"https:\/\/ha.hayaatclinic.com\/fr\/fue-hair-transplant\/","title":{"rendered":"Il s&#039;agissait d&#039;une greffe de cheveux."},"content":{"rendered":"<p><section id=\"bt_section69e2688892880\"  class=\"boldSection btDarkSkin inherit\" style=\"background: transparent;\"><div class=\"port\"><div class=\"boldCell\"><div class=\"boldCellInner\"><div class=\"boldRow\" ><div class=\"boldRowInner\"><div class=\"rowItem col-md-6 col-sm-12 btTextLeft btMiddleVertical btDoublePadding\" style=\"background-color: rgba(120, 69, 51, 1);\" ><div class=\"rowItemContent\" ><div class=\"btClear btSeparator topSpaced bottomSemiSpaced noBorder\" ><hr><\/div><header class=\"header btClear extralarge btDash topDash  btAccentDash\" ><div class=\"btSuperTitle\">Une expertise de classe mondiale pour des soins exceptionnels<\/div><div class=\"dash\"><h1><span class=\"headline\">\u00c0 la clinique Hayaat<\/span><\/h1><\/div><div class=\"btSubTitle\">Notre technique de greffe de cheveux FUE (Extraction d&#039;Unit\u00e9s Folliculaires) offre des r\u00e9sultats naturels et permanents avec un temps de convalescence minimal. Cette proc\u00e9dure avanc\u00e9e consiste \u00e0 extraire individuellement les follicules pileux de la zone donneuse et \u00e0 les implanter dans les zones clairsem\u00e9es ou d\u00e9garnies.<\/div><\/header><div class=\"btClear btSeparator topSmallSpaced noBorder\" ><hr><\/div><a href=\"#\" class=\"btBtn btBtn btnFilledStyle btnLightColor btnMedium btnNormalWidth btnRightPosition btnNoIcon\" ><span class=\"btnInnerText\">HORAIRES DE TRAVAIL<\/span><\/a><a href=\"https:\/\/ha.hayaatclinic.com\/fr\/book-a-visit\/\" class=\"btBtn btBtn btnFilledStyle btnAccentColor btnMedium btnNormalWidth btnRightPosition btnNoIcon\" ><span class=\"btnInnerText\">R\u00c9SERVER UNE VISITE<\/span><\/a><div class=\"btClear btSeparator topSpaced bottomSemiSpaced noBorder\" ><hr><\/div><\/div><\/div><div class=\"rowItem col-md-6 col-sm-12 btTextLeft inherit btNoPadding\"  ><div class=\"rowItemContent\" ><div class=\"bpgPhoto btTextCenter\" ><div class=\"btImage\"><img decoding=\"async\" src=\"https:\/\/ha.hayaatclinic.com\/wp-content\/uploads\/2025\/10\/Artboard-1-copy-8.png\" alt=\"\" title=\"\"><\/div><\/div><\/div><\/div><\/div><\/div><\/div><\/div><\/div><\/section><section id=\"bt_section69e26888934f8\"  class=\"boldSection btDarkSkin inherit\" style=\"background: #ca4013;\"><div class=\"port\"><div class=\"boldCell\"><div class=\"boldCellInner\"><div class=\"boldRow\" ><div class=\"boldRowInner\"><div class=\"rowItem col-md-6 col-sm-12 btTextCenter inherit btNoPadding\"  ><div class=\"rowItemContent\" ><div class=\"bpgPhoto btTextCenter\" ><div class=\"btImage\"><img decoding=\"async\" src=\"https:\/\/ha.hayaatclinic.com\/wp-content\/uploads\/2025\/10\/Artboard-1-copy-2-7.png\" alt=\"\" title=\"\"><\/div><\/div><\/div><\/div><div class=\"rowItem col-md-6 col-sm-12 btTextLeft btMiddleVertical btDoublePadding\" style=\"background-color: rgba(202, 64, 18, 1);\" ><div class=\"rowItemContent\" ><div class=\"btClear btSeparator topSemiSpaced bottomSmallSpaced noBorder\" ><hr><\/div><div class=\"btIconImageRow btIconsNormalPosition\" ><span class=\"btIco btIcoFilledType btIcoLargeSize btIcoAlterColor\" ><span  data-ico-s7=\"&#xe651;\" class=\"btIcoHolder\"><em><\/em><\/span><\/span><\/div><div class=\"btClear btSeparator bottomSmallSpaced noBorder\" ><hr><\/div><header class=\"header btClear extralarge  btNormalDash\" ><div class=\"dash\"><h1><span class=\"headline\">Le proc\u00e9d\u00e9 ne laisse aucune cicatrice visible. <\/span><\/h1><\/div><div class=\"btSubTitle\">Elle garantit une ligne de cheveux naturelle qui se fond parfaitement avec votre chevelure existante. Nos sp\u00e9cialistes qualifi\u00e9s utilisent des outils de pr\u00e9cision et un \u00e9quipement moderne pour assurer le meilleur r\u00e9sultat possible \u00e0 chaque patient.<\/div><\/header><div class=\"btClear btSeparator topSemiSpaced bottomSmallSpaced noBorder\" ><hr><\/div><\/div><\/div><\/div><\/div><\/div><\/div><\/div><\/section><section id=\"bt_section69e2688893a26\"  class=\"boldSection inherit\" ><div class=\"port\"><div class=\"boldCell\"><div class=\"boldCellInner\"><div class=\"boldRow\" ><div class=\"boldRowInner\"><div class=\"rowItem col-md-6 col-sm-12 btTextRight btMiddleVertical btDoublePadding\"  ><div class=\"rowItemContent\" ><div class=\"btClear btSeparator topSemiSpaced bottomSmallSpaced noBorder\" ><hr><\/div><div class=\"btIconImageRow btIconsNormalPosition\" ><span class=\"btIco btIcoFilledType btIcoLargeSize btIcoAccentColor\" ><span  data-ico-s7=\"&#xe66a;\" class=\"btIcoHolder\"><em><\/em><\/span><\/span><\/div><div class=\"btClear btSeparator bottomSmallSpaced noBorder\" ><hr><\/div><header class=\"header btClear extralarge  btNormalDash\" ><div class=\"dash\"><h1><span class=\"headline\">La technique FUE est id\u00e9ale aussi bien pour les hommes que pour les femmes. <\/span><\/h1><\/div><div class=\"btSubTitle\">Vous recherchez une solution fiable contre la chute des cheveux\u00a0? Ce traitement confortable, s\u00fbr et efficace vous redonne confiance en vous et embellit votre apparence.<\/div><\/header><div class=\"btClear btSeparator topSemiSpaced bottomSmallSpaced noBorder\" ><hr><\/div><\/div><\/div><div class=\"rowItem col-md-6 col-sm-12 btTextLeft inherit btNoPadding\"  ><div class=\"rowItemContent\" ><div class=\"bpgPhoto btTextCenter\" ><div class=\"btImage\"><img decoding=\"async\" src=\"https:\/\/ha.hayaatclinic.com\/wp-content\/uploads\/2025\/10\/Artboard-1-copy-3-7.png\" alt=\"\" title=\"\"><\/div><\/div><\/div><\/div><\/div><\/div><\/div><\/div><\/div><\/section><section id=\"bt_section69e2688893e8d\"  class=\"boldSection btDarkSkin inherit\" style=\"background: #ca4013;\"><div class=\"port\"><div class=\"boldCell\"><div class=\"boldCellInner\"><div class=\"boldRow\" ><div class=\"boldRowInner\"><div class=\"rowItem col-md-6 col-sm-12 btTextLeft inherit btNoPadding\"  ><div class=\"rowItemContent\" ><div class=\"bpgPhoto btTextCenter\" ><div class=\"btImage\"><img decoding=\"async\" src=\"https:\/\/ha.hayaatclinic.com\/wp-content\/uploads\/2025\/10\/Artboard-1-copy-4-8.png\" alt=\"\" title=\"\"><\/div><\/div><\/div><\/div><div class=\"rowItem col-md-6 col-sm-12 btTextLeft btMiddleVertical btDoublePadding\" style=\"background-color: rgba(202, 64, 18, 1);\" ><div class=\"rowItemContent\" ><div class=\"btClear btSeparator topSemiSpaced bottomSmallSpaced noBorder\" ><hr><\/div><div class=\"btIconImageRow btIconsNormalPosition\" ><span class=\"btIco btIcoFilledType btIcoLargeSize btIcoAlterColor\" ><span  data-ico-s7=\"&#xe66d;\" class=\"btIcoHolder\"><em><\/em><\/span><\/span><\/div><div class=\"btClear btSeparator bottomSmallSpaced noBorder\" ><hr><\/div><header class=\"header btClear extralarge  btNormalDash\" ><div class=\"dash\"><h1><span class=\"headline\">Choisissez la clinique Hayaat <\/span><\/h1><\/div><div class=\"btSubTitle\">Pour une restauration capillaire FUE experte, d\u00e9couvrez la diff\u00e9rence d&#039;un v\u00e9ritable professionnalisme et d&#039;une attention personnalis\u00e9e.<\/div><\/header><div class=\"btClear btSeparator topSemiSpaced bottomSmallSpaced noBorder\" ><hr><\/div><\/div><\/div><\/div><\/div><\/div><\/div><\/div><\/section><section id=\"bt_section69e26888942b4\"  class=\"boldSection gutter\" ><div class=\"port\"><div class=\"boldCell\"><div class=\"boldCellInner\"><div class=\"boldRow\" ><div class=\"boldRowInner\"><div class=\"rowItem col-md-12 col-ms-12  btTextLeft\"  ><div class=\"rowItemContent\" ><section class=\"uuy-before-after-section\">\n  <div class=\"uuy-container\">\n    <div class=\"uuy-section-header\">\n      <h2 class=\"uuy-section-title\">R\u00e9sultats avant et apr\u00e8s<\/h2>\n      <p class=\"uuy-section-subtitle\">Faites glisser le curseur pour voir la transformation<\/p>\n    <\/div>\n    \n    <div class=\"uuy-cards-grid\">\n      <!-- Card 1 -->\n      <div class=\"uuy-comparison-card\">\n        <div class=\"uuy-slider-container\">\n          <div class=\"uuy-images-wrapper\">\n            <img decoding=\"async\" src=\"https:\/\/ha.hayaatclinic.com\/wp-content\/uploads\/2025\/10\/after1-7.png\" alt=\"Avant\" class=\"uuy-image-before\">\n            <div class=\"uuy-image-after-wrapper\">\n              <img decoding=\"async\" src=\"https:\/\/ha.hayaatclinic.com\/wp-content\/uploads\/2025\/10\/before1-7.png\" alt=\"Apr\u00e8s\" class=\"uuy-image-after\">\n            <\/div>\n          <\/div>\n          <div class=\"uuy-slider-control\">\n            <div class=\"uuy-slider-line\"><\/div>\n            <div class=\"uuy-slider-button\">\n              <span class=\"uuy-arrow-left\">\u2039<\/span>\n              <span class=\"uuy-arrow-right\">\u203a<\/span>\n            <\/div>\n          <\/div>\n          <div class=\"uuy-label uuy-label-before\">Avant<\/div>\n          <div class=\"uuy-label uuy-label-after\">Apr\u00e8s<\/div>\n        <\/div>\n        <div class=\"uuy-card-content\">\n          <h3 class=\"uuy-card-title\">Soins de la peau<\/h3>\n          <p class=\"uuy-card-description\">Traitement dermatologique avanc\u00e9 montrant une am\u00e9lioration significative<\/p>\n        <\/div>\n      <\/div>\n\n      <!-- Card 2 -->\n      <div class=\"uuy-comparison-card\">\n        <div class=\"uuy-slider-container\">\n          <div class=\"uuy-images-wrapper\">\n            <img decoding=\"async\" src=\"https:\/\/ha.hayaatclinic.com\/wp-content\/uploads\/2025\/10\/before2-7.png\" alt=\"Avant\" class=\"uuy-image-before\">\n            <div class=\"uuy-image-after-wrapper\">\n              <img decoding=\"async\" src=\"https:\/\/ha.hayaatclinic.com\/wp-content\/uploads\/2025\/10\/after2-8.png\" alt=\"Apr\u00e8s\" class=\"uuy-image-after\">\n            <\/div>\n          <\/div>\n          <div class=\"uuy-slider-control\">\n            <div class=\"uuy-slider-line\"><\/div>\n            <div class=\"uuy-slider-button\">\n              <span class=\"uuy-arrow-left\">\u2039<\/span>\n              <span class=\"uuy-arrow-right\">\u203a<\/span>\n            <\/div>\n          <\/div>\n          <div class=\"uuy-label uuy-label-before\">Avant<\/div>\n          <div class=\"uuy-label uuy-label-after\">Apr\u00e8s<\/div>\n        <\/div>\n        <div class=\"uuy-card-content\">\n          <h3 class=\"uuy-card-title\">Soins dentaires<\/h3>\n          <p class=\"uuy-card-description\">Blanchiment dentaire professionnel pour des r\u00e9sultats remarquables<\/p>\n        <\/div>\n      <\/div>\n\n      <!-- Card 3 -->\n    \n    <\/div>\n  <\/div>\n<\/section>\n\n<style>\n\/* Reset & Isolation *\/\n.uuy-before-after-section,\n.uuy-before-after-section * {\n  all: initial;\n  box-sizing: border-box;\n  font-family: -apple-system, BlinkMacSystemFont, \"Segoe UI\", Roboto, \"Helvetica Neue\", Arial, sans-serif;\n}\n\n.uuy-before-after-section {\n  display: block;\n  padding: 80px 20px;\n  background: linear-gradient(135deg, #f9f5f2 0%, #fff 100%);\n  direction: ltr;\n}\n\n.uuy-container {\n  display: block;\n  max-width: 1200px;\n  margin: 0 auto;\n}\n\n.uuy-section-header {\n  display: block;\n  text-align: center;\n  margin-bottom: 60px;\n}\n\n.uuy-section-title {\n  display: block;\n  font-size: 42px;\n  font-weight: 700;\n  color: #835544;\n  margin: 0 0 15px 0;\n  line-height: 1.2;\n}\n\n.uuy-section-subtitle {\n  display: block;\n  font-size: 18px;\n  color: #666;\n  margin: 0;\n  line-height: 1.6;\n}\n\n.uuy-cards-grid {\n  display: grid;\n  grid-template-columns: repeat(auto-fit, minmax(340px, 1fr));\n  gap: 40px;\n  margin: 0;\n  padding: 0;\n}\n\n.uuy-comparison-card {\n  display: block;\n  background: white;\n  border-radius: 16px;\n  overflow: hidden;\n  box-shadow: 0 10px 40px rgba(131, 85, 68, 0.1);\n  transition: transform 0.4s ease, box-shadow 0.4s ease;\n}\n\n.uuy-comparison-card:hover {\n  transform: translateY(-10px);\n  box-shadow: 0 20px 60px rgba(202, 64, 18, 0.2);\n}\n\n.uuy-slider-container {\n  display: block;\n  position: relative;\n  width: 100%;\n  aspect-ratio: 1;\n  overflow: hidden;\n  cursor: ew-resize;\n}\n\n.uuy-images-wrapper {\n  display: block;\n  position: relative;\n  width: 100%;\n  height: 100%;\n}\n\n.uuy-image-before {\n  display: block;\n  position: absolute;\n  top: 0;\n  left: 0;\n  width: 100%;\n  height: 100%;\n  object-fit: cover;\n}\n\n.uuy-image-after-wrapper {\n  display: block;\n  position: absolute;\n  top: 0;\n  left: 0;\n  width: 50%;\n  height: 100%;\n  overflow: hidden;\n  transition: width 0.05s ease;\n}\n\n.uuy-image-after {\n  display: block;\n  position: absolute;\n  top: 0;\n  left: 0;\n  width: 200%;\n  height: 100%;\n  object-fit: cover;\n}\n\n.uuy-slider-control {\n  display: block;\n  position: absolute;\n  top: 0;\n  left: 50%;\n  width: 4px;\n  height: 100%;\n  transform: translateX(-50%);\n  transition: left 0.05s ease;\n}\n\n.uuy-slider-line {\n  display: block;\n  position: absolute;\n  top: 0;\n  left: 50%;\n  width: 4px;\n  height: 100%;\n  background-color: white;\n  transform: translateX(-50%);\n  box-shadow: 0 0 20px rgba(0, 0, 0, 0.3);\n}\n\n.uuy-slider-button {\n  display: flex;\n  align-items: center;\n  justify-content: center;\n  position: absolute;\n  top: 50%;\n  left: 50%;\n  width: 48px;\n  height: 48px;\n  background-color: white;\n  border-radius: 50%;\n  transform: translate(-50%, -50%);\n  box-shadow: 0 4px 20px rgba(0, 0, 0, 0.2);\n  cursor: ew-resize;\n}\n\n.uuy-arrow-left,\n.uuy-arrow-right {\n  display: inline-block;\n  font-size: 24px;\n  font-weight: 700;\n  color: #835544;\n  line-height: 1;\n  user-select: none;\n}\n\n.uuy-arrow-left {\n  margin-right: -2px;\n}\n\n.uuy-arrow-right {\n  margin-left: -2px;\n}\n\n.uuy-label {\n  display: inline-block;\n  position: absolute;\n  top: 20px;\n  padding: 8px 20px;\n  font-size: 14px;\n  font-weight: 700;\n  border-radius: 25px;\n  text-transform: uppercase;\n  letter-spacing: 1px;\n  pointer-events: none;\n  z-index: 10;\n}\n\n.uuy-label-before {\n  left: 20px;\n  background-color: rgba(131, 85, 68, 0.9);\n  color: white;\n}\n\n.uuy-label-after {\n  right: 20px;\n  background-color: rgba(202, 64, 18, 0.9);\n  color: white;\n}\n\n.uuy-card-content {\n  display: block;\n  padding: 30px;\n  text-align: center;\n}\n\n.uuy-card-title {\n  display: block;\n  font-size: 24px;\n  font-weight: 700;\n  color: #835544;\n  margin: 0 0 12px 0;\n  line-height: 1.4;\n}\n\n.uuy-card-description {\n  display: block;\n  font-size: 15px;\n  color: #666;\n  line-height: 1.7;\n  margin: 0;\n}\n\n\/* Responsive *\/\n@media (max-width: 768px) {\n  .uuy-before-after-section {\n    padding: 60px 15px;\n  }\n  \n  .uuy-section-title {\n    font-size: 32px;\n  }\n  \n  .uuy-cards-grid {\n    grid-template-columns: 1fr;\n    gap: 30px;\n  }\n}\n<\/style>\n\n<script>\n(function() {\n  const containers = document.querySelectorAll('.uuy-slider-container');\n  \n  containers.forEach(container => {\n    const afterWrapper = container.querySelector('.uuy-image-after-wrapper');\n    const sliderControl = container.querySelector('.uuy-slider-control');\n    let isDragging = false;\n    \n    function updateSlider(e) {\n      const rect = container.getBoundingClientRect();\n      let x = e.clientX || (e.touches && e.touches[0].clientX);\n      let position = ((x - rect.left) \/ rect.width) * 100;\n      \n      position = Math.max(0, Math.min(100, position));\n      \n      afterWrapper.style.width = position + '%';\n      sliderControl.style.left = position + '%';\n    }\n    \n    container.addEventListener('mousedown', (e) => {\n      isDragging = true;\n      updateSlider(e);\n    });\n    \n    container.addEventListener('touchstart', (e) => {\n      isDragging = true;\n      updateSlider(e);\n    });\n    \n    document.addEventListener('mousemove', (e) => {\n      if (isDragging) {\n        updateSlider(e);\n      }\n    });\n    \n    document.addEventListener('touchmove', (e) => {\n      if (isDragging) {\n        updateSlider(e);\n      }\n    });\n    \n    document.addEventListener('mouseup', () => {\n      isDragging = false;\n    });\n    \n    document.addEventListener('touchend', () => {\n      isDragging = false;\n    });\n  });\n})();\n<\/script><\/div><\/div><\/div><\/div><\/div><\/div><\/div><\/section><\/p>","protected":false},"excerpt":{"rendered":"","protected":false},"author":1,"featured_media":0,"parent":0,"menu_order":0,"comment_status":"closed","ping_status":"closed","template":"","meta":{"_joinchat":[],"footnotes":""},"class_list":["post-586","page","type-page","status-publish","hentry"],"_hostinger_reach_plugin_has_subscription_block":false,"_hostinger_reach_plugin_is_elementor":false,"_links":{"self":[{"href":"https:\/\/ha.hayaatclinic.com\/fr\/wp-json\/wp\/v2\/pages\/586","targetHints":{"allow":["GET"]}}],"collection":[{"href":"https:\/\/ha.hayaatclinic.com\/fr\/wp-json\/wp\/v2\/pages"}],"about":[{"href":"https:\/\/ha.hayaatclinic.com\/fr\/wp-json\/wp\/v2\/types\/page"}],"author":[{"embeddable":true,"href":"https:\/\/ha.hayaatclinic.com\/fr\/wp-json\/wp\/v2\/users\/1"}],"replies":[{"embeddable":true,"href":"https:\/\/ha.hayaatclinic.com\/fr\/wp-json\/wp\/v2\/comments?post=586"}],"version-history":[{"count":10,"href":"https:\/\/ha.hayaatclinic.com\/fr\/wp-json\/wp\/v2\/pages\/586\/revisions"}],"predecessor-version":[{"id":604,"href":"https:\/\/ha.hayaatclinic.com\/fr\/wp-json\/wp\/v2\/pages\/586\/revisions\/604"}],"wp:attachment":[{"href":"https:\/\/ha.hayaatclinic.com\/fr\/wp-json\/wp\/v2\/media?parent=586"}],"curies":[{"name":"wp","href":"https:\/\/api.w.org\/{rel}","templated":true}]}}