{"id":45,"date":"2016-04-01T10:46:29","date_gmt":"2016-04-01T10:46:29","guid":{"rendered":"http:\/\/medical.bold-themes.com\/psychiatrist\/?page_id=45"},"modified":"2025-10-29T07:35:49","modified_gmt":"2025-10-29T07:35:49","slug":"book-a-visit","status":"publish","type":"page","link":"https:\/\/ha.hayaatclinic.com\/fr\/book-a-visit\/","title":{"rendered":"R\u00e9servez une visite"},"content":{"rendered":"<p><section id=\"bt_section69e2662926749\"  class=\"boldSection btDarkSkin inherit\" ><div class=\"port\"><div class=\"boldCell\"><div class=\"boldCellInner\"><div class=\"boldRow\" ><div class=\"boldRowInner\"><div class=\"rowItem col-md-6 col-sm-12 btTextLeft btMiddleVertical btDoublePadding\" style=\"background-color: rgba(120, 69, 51, 1);\" ><div class=\"rowItemContent\" ><div class=\"btClear btSeparator bottomSpaced noBorder\" ><hr><\/div><header class=\"header btClear extralarge btDash bottomDash  btAccentDash\" ><div class=\"dash\"><h1><span class=\"headline\">R\u00e9servez une visite<\/span><\/h1><\/div><div class=\"btSubTitle\">Prenez rendez-vous avec notre sp\u00e9cialiste en quelques clics. Remplissez le formulaire ci-dessous et choisissez la date qui vous convient\u00a0: c\u2019est rapide, facile et pratique\u00a0!<\/div><\/header><div class=\"btClear btSeparator bottomSpaced noBorder\" ><hr><\/div><\/div><\/div><div class=\"rowItem col-md-6 col-sm-12 btTextLeft btMiddleVertical btDoublePadding\" style=\"background-color: rgba(123, 76, 59, 1);\" ><div class=\"rowItemContent\" ><div class=\"btClear btSeparator bottomSpaced noBorder\" ><hr><\/div><div class=\"boldRow boldInnerRow\" ><div class=\"rowItem rowInnerItem col-md-4  btTextLeft\"  ><div class=\"rowItemContent\"><div class=\"servicesItem  btIcoDefaultColorIcon btIcoMediumSizeIcon\"><div class=\"sIcon\"><span class=\"btIco btIcoMediumSize btIcoDefaultType btIcoDefaultColor\" ><span  data-ico-s7=\"&#xe66b;\" class=\"btIcoHolder\"><em><\/em><\/span><\/span><\/div><div class=\"sTxt\"><header class=\"header btClear small\" ><div class=\"dash\"><h4><span class=\"headline\">GAGNER DU TEMPS<\/span><\/h4><\/div><\/header><p>Votre temps est pr\u00e9cieux. Nous rendons la r\u00e9servation et les soins rapides, simples et sans stress, pour que vous puissiez vous concentrer sur votre bien-\u00eatre.<\/p><\/div><\/div><div class=\"btClear btSeparator topSmallSpaced noBorder\" ><hr><\/div><\/div><\/div><div class=\"rowItem rowInnerItem col-md-4  btTextLeft\"  ><div class=\"rowItemContent\"><div class=\"servicesItem  btIcoDefaultColorIcon btIcoMediumSizeIcon\"><div class=\"sIcon\"><span class=\"btIco btIcoMediumSize btIcoDefaultType btIcoDefaultColor\" ><span  data-ico-s7=\"&#xe68e;\" class=\"btIcoHolder\"><em><\/em><\/span><\/span><\/div><div class=\"sTxt\"><header class=\"header btClear small\" ><div class=\"dash\"><h4><span class=\"headline\">CHOIX DE L&#039;ITIN\u00c9RAIRE<\/span><\/h4><\/div><\/header><p>Situ\u00e9e en plein c\u0153ur de la ville, notre clinique est facilement accessible gr\u00e2ce \u00e0 de multiples options de transport \u00e0 proximit\u00e9.<\/p><\/div><\/div><div class=\"btClear btSeparator topSmallSpaced noBorder\" ><hr><\/div><\/div><\/div><div class=\"rowItem rowInnerItem col-md-4  btTextLeft\"  ><div class=\"rowItemContent\"><div class=\"servicesItem  btIcoDefaultColorIcon btIcoMediumSizeIcon\"><div class=\"sIcon\"><span class=\"btIco btIcoMediumSize btIcoDefaultType btIcoDefaultColor\" ><span  data-ico-s7=\"&#xe6b9;\" class=\"btIcoHolder\"><em><\/em><\/span><\/span><\/div><div class=\"sTxt\"><header class=\"header btClear small\" ><div class=\"dash\"><h4><span class=\"headline\">SOLUTION<\/span><\/h4><\/div><\/header><p>De la consultation aux soins, nous proposons des plans de traitement personnalis\u00e9s con\u00e7us pour vous aider \u00e0 para\u00eetre et \u00e0 vous sentir au mieux de votre forme.<\/p><\/div><\/div><div class=\"btClear btSeparator topSmallSpaced noBorder\" ><hr><\/div><\/div><\/div><\/div><div class=\"btClear btSeparator bottomSpaced noBorder\" ><hr><\/div><\/div><\/div><\/div><\/div><\/div><\/div><\/div><\/section><section id=\"bt_section69e2662926b49\"  class=\"boldSection inherit\" ><div class=\"port\"><div class=\"boldCell\"><div class=\"boldCellInner\"><div class=\"boldRow\" ><div class=\"boldRowInner\"><div class=\"rowItem col-md-6 col-sm-12 btTextLeft btMiddleVertical btDoublePadding\"  ><div class=\"rowItemContent\" ><div class=\"btClear btSeparator bottomSpaced noBorder\" ><hr><\/div><header class=\"header btClear large btDash bottomDash  btAccentDash\" ><div class=\"dash\"><h2><span class=\"headline\">Venez nous rendre visite<\/span><\/h2><\/div><div class=\"btSubTitle\">Nous sommes ravis de vous accueillir dans notre clinique\u00a0! Notre \u00e9quipe est pr\u00eate \u00e0 vous offrir des soins exceptionnels et une exp\u00e9rience des plus agr\u00e9ables. Prenez rendez-vous d\u00e8s aujourd\u2019hui et laissez-nous prendre soin de votre sourire et de votre confiance en vous.<\/div><\/header><div class=\"btClear btSeparator bottomSmallSpaced noBorder\" ><hr><\/div><style>\n\/* Theme styling to match the original form *\/\n.wpcf7-form-control,\n.wpcf7-text,\n.wpcf7-email,\n.wpcf7-date,\n.wpcf7-textarea,\n.wpcf7-select {\n    width: 100%;\n    padding: 12px 15px;\n    border: 1px solid #e0e0e0;\n    background: #fff;\n    font-size: 14px;\n    font-family: Arial, sans-serif;\n    color: #333;\n    transition: border-color 0.3s ease;\n    box-sizing: border-box;\n}\n\n.wpcf7-form-control:focus {\n    border-color: #999;\n    outline: none;\n}\n\n.wpcf7-textarea {\n    min-height: 120px;\n    resize: vertical;\n}\n\n.wpcf7-submit {\n    background: #000;\n    color: #fff;\n    border: none;\n    padding: 15px 40px;\n    font-size: 12px;\n    font-weight: 700;\n    letter-spacing: 1px;\n    text-transform: uppercase;\n    cursor: pointer;\n    transition: background 0.3s ease;\n    font-family: Arial, sans-serif;\n}\n\n.wpcf7-submit:hover {\n    background: #333;\n}\n\n.wpcf7 p {\n    margin: 0 0 20px 0;\n    font-size: 14px;\n    color: #666;\n    font-family: Arial, sans-serif;\n}\n\n.wpcf7-form-control-wrap {\n    display: block;\n}\n\n\/* Hide Zoho default styles *\/\n.zcwf_title {\n    display: none !important;\n}\n<\/style>\n\n<div class=\"btText\">\n<div class=\"wpcf7 js\" id=\"wpcf7-zoho\" lang=\"en-US\" dir=\"ltr\">\n        <form id=\"webform740727000013401001\" action=\"https:\/\/crm.zoho.eu\/crm\/WebToLeadForm\" name=\"WebToLeads740727000013401001\" method=\"POST\" onsubmit=\"javascript:document.charset='UTF-8'; return checkMandatory740727000013401001()\" accept-charset=\"UTF-8\" wfa_instance_id=\"1\" class=\"wpcf7-form\" data-trp-original-action=\"https:\/\/crm.zoho.eu\/crm\/WebToLeadForm\">\n            \n            <!-- Hidden Fields -->\n            <input type=\"text\" style=\"display:none;\" name=\"xnQsjsdp\" value=\"1b2e7df8d5fecd6f93a12a4314799d0f7b038662bdfad83f5552c4eb5ded9b46\">\n            <input type=\"hidden\" name=\"zc_gad\" id=\"zc_gad\" value=\"\">\n            <input type=\"text\" style=\"display:none;\" name=\"xmIwtLD\" value=\"ba8518ec4f56fe2382a4eff8b8db15bda88ed1cfbaa8fcbfe2dff32733a50a6d5f75911fcfd5e20955bedcd6a1bb516d\">\n            <input type=\"text\" style=\"display:none;\" name=\"actionType\" value=\"TGVhZHM=\">\n            <input type=\"text\" style=\"display:none;\" name=\"returnURL\" value=\"null\">\n            <input type=\"text\" style=\"display:none;\" name=\"Lead Source\" value=\"Website\">\n            <input type=\"text\" style=\"display:none;\" name=\"aG9uZXlwb3Q\" value=\"\">\n            \n            <!-- Last Name (Required) -->\n            <p>Votre nom (obligatoire)<\/p>\n            <p>\n                <span class=\"wpcf7-form-control-wrap\">\n                    <input type=\"text\" id=\"Last_Name\" name=\"Last Name\" class=\"wpcf7-form-control wpcf7-text wpcf7-validates-as-required\" aria-required=\"true\" maxlength=\"80\" value=\"\">\n                <\/span>\n            <\/p>\n            \n            <!-- Mobile -->\n            <p>Num\u00e9ro de portable<\/p>\n            <p>\n                <span class=\"wpcf7-form-control-wrap\">\n                    <input type=\"text\" id=\"Mobile\" name=\"Mobile\" class=\"wpcf7-form-control wpcf7-text\" maxlength=\"30\" value=\"\">\n                <\/span>\n            <\/p>\n            \n            <!-- Email -->\n            <p>Votre courriel<\/p>\n            <p>\n                <span class=\"wpcf7-form-control-wrap\">\n                    <input type=\"email\" id=\"Email\" name=\"Email\" ftype=\"email\" class=\"wpcf7-form-control wpcf7-email wpcf7-text wpcf7-validates-as-email\" maxlength=\"100\" value=\"\">\n                <\/span>\n            <\/p>\n            \n            <!-- Interested For -->\n            <p>Int\u00e9ress\u00e9 par<\/p>\n            <p>\n                <span class=\"wpcf7-form-control-wrap\">\n                    <div class=\"fancy-select\"><select id=\"LEADCF1\" name=\"LEADCF1\" class=\"wpcf7-form-control wpcf7-select fancified\" multiple=\"\" size=\"5\" style=\"width: 1px; height: 1px; display: block; position: absolute; top: 0px; left: 0px; opacity: 0;\">\n                        <option value=\"Hair Transplant\">greffe de cheveux<\/option>\n                        <option value=\"Plastic Surgery\">Chirurgie plastique<\/option>\n                        <option value=\"Cosmetic Treatment\">Traitement cosm\u00e9tique<\/option>\n                        <option value=\"Dental Treatment\">Soins dentaires<\/option>\n                        <option value=\"Gastric Sleeve\">sleeve gastrectomie<\/option>\n                    <\/select><div class=\"trigger\"><\/div><ul class=\"options\"><li data-raw-value=\"Hair Transplant\">greffe de cheveux<\/li><li data-raw-value=\"Plastic Surgery\">Chirurgie plastique<\/li><li data-raw-value=\"Cosmetic Treatment\">Traitement cosm\u00e9tique<\/li><li data-raw-value=\"Dental Treatment\">Soins dentaires<\/li><li data-raw-value=\"Gastric Sleeve\">sleeve gastrectomie<\/li><\/ul><\/div>\n                <\/span>\n            <\/p>\n            \n            <!-- Description -->\n            <p>Message suppl\u00e9mentaire<\/p>\n            <p>\n                <span class=\"wpcf7-form-control-wrap\">\n                    <textarea id=\"Description\" name=\"Description\" class=\"wpcf7-form-control wpcf7-textarea\" rows=\"6\"><\/textarea>\n                <\/span>\n            <\/p>\n            \n            <!-- Submit Button -->\n            <p>\n                <input type=\"submit\" id=\"formsubmit\" class=\"wpcf7-form-control wpcf7-submit\" value=\"ENVOYER UN MESSAGE\">\n            <\/p>\n        <input type=\"hidden\" name=\"trp-form-language\" value=\"fr\"\/><\/form>\n    <\/div>\n<\/div><div class=\"btClear btSeparator bottomSpaced noBorder\" ><hr><\/div><\/div><\/div><div class=\"rowItem col-md-6 col-sm-12 btTextLeft inherit btNoPadding\"  ><div class=\"rowItemContent\" ><div class=\"bpgPhoto btTextCenter\" ><div class=\"btImage\"><img decoding=\"async\" src=\"https:\/\/ha.hayaatclinic.com\/wp-content\/uploads\/2025\/10\/Untitled-287-x-54-px-787-x-800-px.png\" alt=\"\" title=\"\"><\/div><\/div><\/div><\/div><\/div><\/div><\/div><\/div><\/div><\/section><section id=\"bt_section69e266292707d\"  class=\"boldSection btDarkSkin inherit\" style=\"border-top: #ca4012 4px solid\"><div class=\"port\"><div class=\"boldCell\"><div class=\"boldCellInner\"><div class=\"boldRow\" ><div class=\"boldRowInner\"><div class=\"rowItem col-md-12 col-ms-12  btTextLeft\"  ><div class=\"rowItemContent\" >\r\n\t\t\t<div class=\"btGoogleMapsWrapper\" \"><div id=\"map_canvas69e26629272ae\" style=\"height:580px;;\" class=\"btGmap\"><\/div><div class=\"btGoogleMapsContent\"><div class=\"btGoogleMapsWrap\"><span class=\"btInfoPaneToggler\"><\/span><div class=\"btClear btSeparator topSmallSpaced bottomSemiSpaced noBorder\" ><hr><\/div><header class=\"header btClear medium  btNormalDash\" ><div class=\"dash\"><h3><span class=\"headline\">HORAIRES DE TRAVAIL<\/span><\/h3><\/div><\/header><div class=\"btClear btSeparator topExtraSmallSpaced noBorder\" ><hr><\/div><div class=\"btWorkingHours  btWorkingHoursHasLink\" ><div class=\"btWorkingHoursInner\"><div class=\"btWorkingHoursInnerRow\"><div class=\"btWorkingHoursInnerTitle\">Mon \u2013 FRI<\/div><div class=\"btWorkingHoursInnerContent\">8h00 \u2013 18h00<\/div><div class=\"btWorkingHoursInnerLink\"><a href=\"#\" title=\"&lt;br \/&gt;&ldquo;&gt;&lt;br \/&gt;&lt;\/a&gt;&lt;\/div&gt;&lt;\/div&gt;&lt;div class=\"btworkinghoursinnerrow\"><div class=\"btWorkingHoursInnerTitle\">Samedi<\/div><div class=\"btWorkingHoursInnerContent\">8h00 \u2013 00h00<\/div><div class=\"btWorkingHoursInnerLink\"><a href=\"#\" title=\"&lt;br \/&gt;&ldquo;&gt;&lt;br \/&gt;&lt;\/a&gt;&lt;\/div&gt;&lt;\/div&gt;&lt;div class=\"btworkinghoursinnerrow\"><div class=\"btWorkingHoursInnerTitle\">Dimanche<\/div><div class=\"btWorkingHoursInnerContent\">Ferm\u00e9<\/div><\/div><\/div><\/div><div class=\"btClear btSeparator topSmallSpaced bottomSemiSpaced noBorder\" ><hr><\/div><header class=\"header btClear medium  btNormalDash\" ><div class=\"dash\"><h3><span class=\"headline\">COORDONN\u00c9ES<\/span><\/h3><\/div><\/header><div class=\"btClear btSeparator topExtraSmallSpaced noBorder\" ><hr><\/div><div class=\"servicesItem  btIcoDefaultColorIcon btIcoMediumSizeIcon\"><div class=\"sIcon\"><span class=\"btIco btIcoMediumSize btIcoDefaultType btIcoDefaultColor\" ><span  data-ico-s7=\"&#xe638;\" class=\"btIcoHolder\"><em><\/em><\/span><\/span><\/div><div class=\"sTxt\"><header class=\"header btClear small\" ><\/header><p>Istanbul, Beylikd\u00fcz\u00fc, Turquie<\/p><\/div><\/div><div class=\"btClear btSeparator topExtraSmallSpaced bottomSmallSpaced noBorder\" ><hr><\/div><div class=\"servicesItem  btIcoDefaultColorIcon btIcoMediumSizeIcon\"><div class=\"sIcon\"><span class=\"btIco btIcoMediumSize btIcoDefaultType btIcoDefaultColor\" ><span  data-ico-s7=\"&#xe63b;\" class=\"btIcoHolder\"><em><\/em><\/span><\/span><\/div><div class=\"sTxt\"><header class=\"header btClear small\" ><\/header><p>info@hayaatclinic.com<\/p><\/div><\/div><div class=\"btClear btSeparator topExtraSmallSpaced bottomSmallSpaced noBorder\" ><hr><\/div><div class=\"servicesItem  btIcoDefaultColorIcon btIcoMediumSizeIcon\"><div class=\"sIcon\"><span class=\"btIco btIcoMediumSize btIcoDefaultType btIcoDefaultColor\" ><span  data-ico-s7=\"&#xe670;\" class=\"btIcoHolder\"><em><\/em><\/span><\/span><\/div><div class=\"sTxt\"><header class=\"header btClear small\" ><\/header><p>05352288056<\/p><\/div><\/div><div class=\"btClear btSeparator topSmallSpaced bottomSemiSpaced noBorder\" ><hr><\/div><\/div><\/div><\/div>\r\n\t\t\t<script type=\"text\/javascript\">\r\n\t\t\t\tjQuery( document ).ready(function() {\r\n\t\t\t\t\tbt_gmap_init( map_canvas69e26629272ae, 41.0062379, 28.6226013, 17, \"https:\/\/ha.hayaatclinic.com\/wp-content\/uploads\/2016\/03\/pin.png\", \"\", \"\", \"\", \"W3siZmVhdHVyZVR5cGUiOiJhZG1pbmlzdHJhdGl2ZSIsImVsZW1lbnRUeXBlIjoibGFiZWxzIiwic3R5bGVycyI6W3sidmlzaWJpbGl0eSI6Im9uIn0seyJnYW1tYSI6IjEuODIifV19LHsiZmVhdHVyZVR5cGUiOiJhZG1pbmlzdHJhdGl2ZSIsImVsZW1lbnRUeXBlIjoibGFiZWxzLnRleHQuZmlsbCIsInN0eWxlcnMiOlt7InZpc2liaWxpdHkiOiJvbiJ9LHsiZ2FtbWEiOiIxLjk2In0seyJsaWdodG5lc3MiOiItOSJ9XX0seyJmZWF0dXJlVHlwZSI6ImFkbWluaXN0cmF0aXZlIiwiZWxlbWVudFR5cGUiOiJsYWJlbHMudGV4dC5zdHJva2UiLCJzdHlsZXJzIjpbeyJ2aXNpYmlsaXR5Ijoib2ZmIn1dfSx7ImZlYXR1cmVUeXBlIjoibGFuZHNjYXBlIiwiZWxlbWVudFR5cGUiOiJhbGwiLCJzdHlsZXJzIjpbeyJ2aXNpYmlsaXR5Ijoib24ifSx7ImxpZ2h0bmVzcyI6IjI1In0seyJnYW1tYSI6IjEuMDAifSx7InNhdHVyYXRpb24iOiItMTAwIn1dfSx7ImZlYXR1cmVUeXBlIjoicG9pLmJ1c2luZXNzIiwiZWxlbWVudFR5cGUiOiJhbGwiLCJzdHlsZXJzIjpbeyJ2aXNpYmlsaXR5Ijoib2ZmIn1dfSx7ImZlYXR1cmVUeXBlIjoicG9pLnBhcmsiLCJlbGVtZW50VHlwZSI6ImFsbCIsInN0eWxlcnMiOlt7InZpc2liaWxpdHkiOiJvZmYifV19LHsiZmVhdHVyZVR5cGUiOiJyb2FkIiwiZWxlbWVudFR5cGUiOiJnZW9tZXRyeS5zdHJva2UiLCJzdHlsZXJzIjpbeyJ2aXNpYmlsaXR5Ijoib2ZmIn1dfSx7ImZlYXR1cmVUeXBlIjoicm9hZCIsImVsZW1lbnRUeXBlIjoibGFiZWxzLmljb24iLCJzdHlsZXJzIjpbeyJ2aXNpYmlsaXR5Ijoib2ZmIn1dfSx7ImZlYXR1cmVUeXBlIjoicm9hZC5oaWdod2F5IiwiZWxlbWVudFR5cGUiOiJnZW9tZXRyeSIsInN0eWxlcnMiOlt7Imh1ZSI6IiNmZmFhMDAifSx7InNhdHVyYXRpb24iOiItNDMifSx7InZpc2liaWxpdHkiOiJvbiJ9XX0seyJmZWF0dXJlVHlwZSI6InJvYWQuaGlnaHdheSIsImVsZW1lbnRUeXBlIjoiZ2VvbWV0cnkuc3Ryb2tlIiwic3R5bGVycyI6W3sidmlzaWJpbGl0eSI6Im9mZiJ9XX0seyJmZWF0dXJlVHlwZSI6InJvYWQuaGlnaHdheSIsImVsZW1lbnRUeXBlIjoibGFiZWxzIiwic3R5bGVycyI6W3sidmlzaWJpbGl0eSI6InNpbXBsaWZpZWQifSx7Imh1ZSI6IiNmZmFhMDAifSx7InNhdHVyYXRpb24iOiItNzAifV19LHsiZmVhdHVyZVR5cGUiOiJyb2FkLmhpZ2h3YXkuY29udHJvbGxlZF9hY2Nlc3MiLCJlbGVtZW50VHlwZSI6ImxhYmVscyIsInN0eWxlcnMiOlt7InZpc2liaWxpdHkiOiJvbiJ9XX0seyJmZWF0dXJlVHlwZSI6InJvYWQuYXJ0ZXJpYWwiLCJlbGVtZW50VHlwZSI6ImFsbCIsInN0eWxlcnMiOlt7InZpc2liaWxpdHkiOiJvbiJ9LHsic2F0dXJhdGlvbiI6Ii0xMDAifSx7ImxpZ2h0bmVzcyI6IjMwIn1dfSx7ImZlYXR1cmVUeXBlIjoicm9hZC5sb2NhbCIsImVsZW1lbnRUeXBlIjoiYWxsIiwic3R5bGVycyI6W3sic2F0dXJhdGlvbiI6Ii0xMDAifSx7ImxpZ2h0bmVzcyI6IjQwIn0seyJ2aXNpYmlsaXR5Ijoib2ZmIn1dfSx7ImZlYXR1cmVUeXBlIjoidHJhbnNpdC5zdGF0aW9uLmFpcnBvcnQiLCJlbGVtZW50VHlwZSI6Imdlb21ldHJ5LmZpbGwiLCJzdHlsZXJzIjpbeyJ2aXNpYmlsaXR5Ijoib24ifSx7ImdhbW1hIjoiMC44MCJ9XX0seyJmZWF0dXJlVHlwZSI6IndhdGVyIiwiZWxlbWVudFR5cGUiOiJhbGwiLCJzdHlsZXJzIjpbeyJ2aXNpYmlsaXR5Ijoib2ZmIn1dfV0=\" );\r\n\t\t\t\t\t});\t\r\n\t\t\t<\/script>\r\n\t\t\t<\/div><\/div><\/div><\/div><\/div><\/div><\/div><\/section><\/p>","protected":false},"excerpt":{"rendered":"","protected":false},"author":2,"featured_media":0,"parent":0,"menu_order":0,"comment_status":"closed","ping_status":"closed","template":"","meta":{"_joinchat":[],"footnotes":""},"class_list":["post-45","page","type-page","status-publish","hentry"],"_hostinger_reach_plugin_has_subscription_block":false,"_hostinger_reach_plugin_is_elementor":false,"_links":{"self":[{"href":"https:\/\/ha.hayaatclinic.com\/fr\/wp-json\/wp\/v2\/pages\/45","targetHints":{"allow":["GET"]}}],"collection":[{"href":"https:\/\/ha.hayaatclinic.com\/fr\/wp-json\/wp\/v2\/pages"}],"about":[{"href":"https:\/\/ha.hayaatclinic.com\/fr\/wp-json\/wp\/v2\/types\/page"}],"author":[{"embeddable":true,"href":"https:\/\/ha.hayaatclinic.com\/fr\/wp-json\/wp\/v2\/users\/2"}],"replies":[{"embeddable":true,"href":"https:\/\/ha.hayaatclinic.com\/fr\/wp-json\/wp\/v2\/comments?post=45"}],"version-history":[{"count":13,"href":"https:\/\/ha.hayaatclinic.com\/fr\/wp-json\/wp\/v2\/pages\/45\/revisions"}],"predecessor-version":[{"id":929,"href":"https:\/\/ha.hayaatclinic.com\/fr\/wp-json\/wp\/v2\/pages\/45\/revisions\/929"}],"wp:attachment":[{"href":"https:\/\/ha.hayaatclinic.com\/fr\/wp-json\/wp\/v2\/media?parent=45"}],"curies":[{"name":"wp","href":"https:\/\/api.w.org\/{rel}","templated":true}]}}