{"id":369,"date":"2016-03-04T11:09:39","date_gmt":"2016-03-04T11:09:39","guid":{"rendered":"http:\/\/medical.bold-themes.com\/psychiatrist\/?page_id=8"},"modified":"2025-10-29T07:14:26","modified_gmt":"2025-10-29T07:14:26","slug":"about","status":"publish","type":"page","link":"https:\/\/ha.hayaatclinic.com\/fr\/about\/","title":{"rendered":"About Dr Bryan"},"content":{"rendered":"<p><section id=\"bt_section69ef322bcd3d3\"  class=\"boldSection btDarkSkin inherit\" style=\"background: transparent;\"><div class=\"port\"><div class=\"boldCell\"><div class=\"boldCellInner\"><div class=\"boldRow\" ><div class=\"boldRowInner\"><div class=\"rowItem col-md-6 col-sm-12 btTextLeft btMiddleVertical btDoublePadding wBackground cover\" style=\"background-size: auto; background-position: center bottom;background-image: url(https:\/\/ha.hayaatclinic.com\/wp-content\/uploads\/2016\/03\/logo-bgn.png);background-color: rgba(120, 69, 51, 1);\" ><div class=\"rowItemContent\" ><div class=\"btClear btSeparator topSpaced noBorder\" ><hr><\/div><header class=\"header btClear extralarge btDash topDash  btAccentDash\" ><div class=\"btSuperTitle\">\u00catre l\u00e0 pour toi, t&#039;\u00e9couter et te comprendre<\/div><div class=\"dash\"><h1><span class=\"headline\">Comment puis-je vous aider ?<\/span><\/h1><\/div><div class=\"btSubTitle\">Situ\u00e9e au c\u0153ur d&#039;Istanbul, la clinique Hayaat est une adresse de r\u00e9f\u00e9rence pour celles et ceux qui recherchent beaut\u00e9, sant\u00e9 et confiance en soi. Sp\u00e9cialis\u00e9e en dentisterie esth\u00e9tique, chirurgie plastique, greffe de cheveux et chirurgie bariatrique avanc\u00e9e, elle s&#039;appuie sur une \u00e9quipe de m\u00e9decins exp\u00e9riment\u00e9s et des technologies de pointe pour offrir \u00e0 chaque patient des traitements personnalis\u00e9s alliant s\u00e9curit\u00e9, pr\u00e9cision et r\u00e9sultats naturels.<\/div><\/header><div class=\"btClear btSeparator topSmallSpaced noBorder\" ><hr><\/div><a href=\"https:\/\/ha.hayaatclinic.com\/fr\/services\/\" class=\"btBtn btBtn btnFilledStyle btnLightColor btnMedium btnNormalWidth btnRightPosition btnNoIcon\" ><span class=\"btnInnerText\">SERVICES DE JOANNA<\/span><\/a><a href=\"https:\/\/ha.hayaatclinic.com\/fr\/book-a-visit\/\" class=\"btBtn btBtn btnFilledStyle btnAccentColor btnMedium btnNormalWidth btnRightPosition btnNoIcon\" ><span class=\"btnInnerText\">R\u00c9SERVER UNE VISITE<\/span><\/a><div class=\"btClear btSeparator topSpaced noBorder\" ><hr><\/div><\/div><\/div><div class=\"rowItem col-md-6 col-sm-12 btTextLeft inherit btNoPadding\"  ><div class=\"rowItemContent\" ><div class=\"bpgPhoto btTextCenter\" ><div class=\"btImage\"><img decoding=\"async\" src=\"https:\/\/ha.hayaatclinic.com\/wp-content\/uploads\/2025\/10\/Untitled-Facebook-Shops-Cover-Square-4.webp\" alt=\"\" title=\"\"><\/div><\/div><\/div><\/div><\/div><\/div><\/div><\/div><\/div><\/section><section id=\"bt_section69ef322bce445\"  class=\"boldSection btDarkSkin inherit\" style=\"background: #ca4013;\"><div class=\"port\"><div class=\"boldCell\"><div class=\"boldCellInner\"><div class=\"boldRow\" ><div class=\"boldRowInner\"><div class=\"rowItem col-md-3 col-sm-6 col-ms-12 btTextLeft inherit btDoublePadding\" style=\"background-color: rgba(202, 64, 18, 1);\" ><div class=\"rowItemContent\" ><div class=\"btIconImageRow btIconsHalfHoverPosition\" ><span class=\"btIco btIcoFilledType btIcoBigSize btIcoDefaultColor\" ><span  data-ico-s7=\"&#xe651;\" class=\"btIcoHolder\"><em><\/em><\/span><\/span><\/div><div class=\"btClear btSeparator topSmallSpaced noBorder\" ><hr><\/div><header class=\"header btClear huge  btNormalDash\" ><div class=\"btSuperTitle\">Expertise et exp\u00e9rience<\/div><\/header><div class=\"btText\" ><\/p>\n<p>L&#039;\u00e9quipe de chirurgiens et de sp\u00e9cialistes qualifi\u00e9s de la clinique Hayaat veille \u00e0 ce que chaque intervention soit r\u00e9alis\u00e9e avec pr\u00e9cision, s\u00e9curit\u00e9 et des r\u00e9sultats exceptionnels.<\/p>\n<p>\n<\/div><div class=\"btClear btSeparator topSemiSpaced bottomSmallSpaced noBorder\" ><hr><\/div><\/div><\/div><div class=\"rowItem col-md-3 col-sm-6 col-ms-12 btTextLeft inherit btDoublePadding\" style=\"background-color: rgba(202, 70, 25, 1);\" ><div class=\"rowItemContent\" ><div class=\"btIconImageRow btIconsHalfHoverPosition\" ><span class=\"btIco btIcoFilledType btIcoBigSize btIcoDefaultColor\" ><span  data-ico-s7=\"&#xe66a;\" class=\"btIcoHolder\"><em><\/em><\/span><\/span><\/div><div class=\"btClear btSeparator topSmallSpaced noBorder\" ><hr><\/div><header class=\"header btClear huge  btNormalDash\" ><div class=\"btSuperTitle\">Technologie avanc\u00e9e<\/div><\/header><div class=\"btText\" ><\/p>\n<p>La clinique utilise les \u00e9quipements m\u00e9dicaux les plus r\u00e9cents et des techniques modernes pour offrir des r\u00e9sultats esth\u00e9tiques efficaces, peu invasifs et durables.<\/p>\n<p>\n<\/div><div class=\"btClear btSeparator topSemiSpaced bottomSmallSpaced noBorder\" ><hr><\/div><\/div><\/div><div class=\"rowItem col-md-3 col-sm-6 col-ms-12 btTextLeft inherit btDoublePadding\" style=\"background-color: rgba(202, 75, 33, 1);\" ><div class=\"rowItemContent\" ><div class=\"btIconImageRow btIconsHalfHoverPosition\" ><span class=\"btIco btIcoFilledType btIcoBigSize btIcoDefaultColor\" ><span  data-ico-s7=\"&#xe66d;\" class=\"btIcoHolder\"><em><\/em><\/span><\/span><\/div><div class=\"btClear btSeparator topSmallSpaced noBorder\" ><hr><\/div><header class=\"header btClear huge  btNormalDash\" ><div class=\"btSuperTitle\">Soins personnalis\u00e9s<\/div><\/header><div class=\"btText\" ><\/p>\n<p>Chaque plan de traitement est adapt\u00e9 aux objectifs uniques du patient, garantissant des r\u00e9sultats naturels et une exp\u00e9rience confortable et rassurante tout au long du processus.<\/p>\n<p>\n<\/div><div class=\"btClear btSeparator topSemiSpaced bottomSmallSpaced noBorder\" ><hr><\/div><\/div><\/div><div class=\"rowItem col-md-3 col-sm-6 col-ms-12 btTextLeft inherit btDoublePadding\" style=\"background-color: rgba(203, 81, 40, 1);\" ><div class=\"rowItemContent\" ><div class=\"btIconImageRow btIconsHalfHoverPosition\" ><span class=\"btIco btIcoFilledType btIcoBigSize btIcoDefaultColor\" ><span  data-ico-s7=\"&#xe66b;\" class=\"btIcoHolder\"><em><\/em><\/span><\/span><\/div><div class=\"btClear btSeparator topSmallSpaced noBorder\" ><hr><\/div><header class=\"header btClear huge  btNormalDash\" ><div class=\"btSuperTitle\">HORAIRES DE TRAVAIL<\/div><\/header><div class=\"btWorkingHours  btWorkingHoursHasLink\" ><div class=\"btWorkingHoursInner\"><div class=\"btWorkingHoursInnerRow\"><div class=\"btWorkingHoursInnerTitle\">LUNDI \u2013 VENDREDI<\/div><div class=\"btWorkingHoursInnerContent\">8h00 \u2013 18h00<\/div><div class=\"btWorkingHoursInnerLink\"><a href=\"#\" title=\"&lt;br \/&gt;&ldquo;&gt;&lt;br \/&gt;&lt;\/a&gt;&lt;\/div&gt;&lt;\/div&gt;&lt;div class=\"btworkinghoursinnerrow\"><div class=\"btWorkingHoursInnerTitle\">SAMEDI<\/div><div class=\"btWorkingHoursInnerContent\">8h00 \u2013 00h00<\/div><div class=\"btWorkingHoursInnerLink\"><a href=\"#\" title=\"&lt;br \/&gt;&ldquo;&gt;&lt;br \/&gt;&lt;\/a&gt;&lt;\/div&gt;&lt;\/div&gt;&lt;div class=\"btworkinghoursinnerrow\"><div class=\"btWorkingHoursInnerTitle\">DIMANCHE<\/div><div class=\"btWorkingHoursInnerContent\">Ferm\u00e9<\/div><\/div><\/div><\/div><div class=\"btClear btSeparator topSemiSpaced bottomSmallSpaced noBorder\" ><hr><\/div><\/div><\/div><\/div><\/div><\/div><\/div><\/div><\/section><section id=\"bt_section69ef322bceb30\"  class=\"boldSection inherit\" ><div class=\"port\"><div class=\"boldCell\"><div class=\"boldCellInner\"><div class=\"boldRow\" ><div class=\"boldRowInner\"><div class=\"rowItem col-md-6 col-sm-12 btTextLeft btMiddleVertical btDoublePadding\"  ><div class=\"rowItemContent\" ><div class=\"btClear btSeparator bottomSemiSpaced noBorder\" ><hr><\/div><header class=\"header btClear extralarge btDash topDash  btAccentDash\" ><div class=\"btSuperTitle\">L&#039;exp\u00e9rience compl\u00e8te<\/div><div class=\"dash\"><h1><span class=\"headline\">Avec la clinique Hayaat<\/span><\/h1><\/div><div class=\"btSubTitle\">L&#039;art de la m\u00e9decine consiste \u00e0 divertir le patient pendant que la nature gu\u00e9rit la maladie ; un traitement sans pr\u00e9vention est tout simplement insoutenable.<br \/><br>L&#039;art de la chirurgie plastique ne consiste pas seulement \u00e0 modifier l&#039;apparence, mais \u00e0 restaurer la confiance, l&#039;\u00e9quilibre et l&#039;harmonie entre l&#039;apparence et le ressenti.<\/div><\/header><div class=\"btClear btSeparator topSmallSpaced noBorder\" ><hr><\/div><a href=\"https:\/\/ha.hayaatclinic.com\/fr\/services\/\" class=\"btBtn btBtn btnFilledStyle btnAccentColor btnMedium btnNormalWidth btnRightPosition btnNoIcon\" ><span class=\"btnInnerText\">VOIR LES SERVICES<\/span><\/a><div class=\"btClear btSeparator bottomSemiSpaced noBorder\" ><hr><\/div><\/div><\/div><div class=\"rowItem col-md-6 col-sm-12 btTextCenter btMiddleVertical btDoublePadding\"  ><div class=\"rowItemContent\" ><div class=\"btClear btSeparator bottomSemiSpaced noBorder\" ><hr><\/div><div class=\"bpgPhoto btTextCenter\" ><div class=\"btImage\"><img decoding=\"async\" src=\"https:\/\/ha.hayaatclinic.com\/wp-content\/uploads\/2025\/10\/hollywood-smile.png\" alt=\"\" title=\"\"><\/div><\/div><div class=\"btClear btSeparator bottomSemiSpaced noBorder\" ><hr><\/div><\/div><\/div><\/div><\/div><\/div><\/div><\/div><\/section><\/p>","protected":false},"excerpt":{"rendered":"","protected":false},"author":2,"featured_media":0,"parent":0,"menu_order":0,"comment_status":"closed","ping_status":"closed","template":"","meta":{"_joinchat":[],"footnotes":""},"class_list":["post-369","page","type-page","status-publish","hentry"],"_hostinger_reach_plugin_has_subscription_block":false,"_hostinger_reach_plugin_is_elementor":false,"_links":{"self":[{"href":"https:\/\/ha.hayaatclinic.com\/fr\/wp-json\/wp\/v2\/pages\/369","targetHints":{"allow":["GET"]}}],"collection":[{"href":"https:\/\/ha.hayaatclinic.com\/fr\/wp-json\/wp\/v2\/pages"}],"about":[{"href":"https:\/\/ha.hayaatclinic.com\/fr\/wp-json\/wp\/v2\/types\/page"}],"author":[{"embeddable":true,"href":"https:\/\/ha.hayaatclinic.com\/fr\/wp-json\/wp\/v2\/users\/2"}],"replies":[{"embeddable":true,"href":"https:\/\/ha.hayaatclinic.com\/fr\/wp-json\/wp\/v2\/comments?post=369"}],"version-history":[{"count":14,"href":"https:\/\/ha.hayaatclinic.com\/fr\/wp-json\/wp\/v2\/pages\/369\/revisions"}],"predecessor-version":[{"id":915,"href":"https:\/\/ha.hayaatclinic.com\/fr\/wp-json\/wp\/v2\/pages\/369\/revisions\/915"}],"wp:attachment":[{"href":"https:\/\/ha.hayaatclinic.com\/fr\/wp-json\/wp\/v2\/media?parent=369"}],"curies":[{"name":"wp","href":"https:\/\/api.w.org\/{rel}","templated":true}]}}